{"id":808,"date":"2018-12-12T17:58:18","date_gmt":"2018-12-12T16:58:18","guid":{"rendered":"http:\/\/comite-quartier-lacigale.com\/?page_id=808"},"modified":"2018-12-12T17:58:18","modified_gmt":"2018-12-12T16:58:18","slug":"securite","status":"publish","type":"page","link":"https:\/\/comite-quartier-lacigale.com\/index.php\/securite\/","title":{"rendered":"S\u00e9curit\u00e9"},"content":{"rendered":"\n<h4 class=\"wp-block-heading\">Cette page est destin\u00e9e aux informations concernant la s\u00e9curit\u00e9.<br>Elle est volontairement ouverte \u00e0 tous les commentaires<br>Laissez ici vos infos et commentaires concernant ce sujet sensible.<br><\/h4>\n","protected":false},"excerpt":{"rendered":"<div class=\"mh-excerpt\"><p>Cette page est destin\u00e9e aux informations concernant la s\u00e9curit\u00e9.Elle est volontairement ouverte \u00e0 tous les commentairesLaissez ici vos infos et commentaires concernant ce sujet sensible.<\/p>\n<\/div>","protected":false},"author":1,"featured_media":0,"parent":0,"menu_order":0,"comment_status":"open","ping_status":"closed","template":"","meta":{"_monsterinsights_skip_tracking":false,"_monsterinsights_sitenote_active":false,"_monsterinsights_sitenote_note":"","_monsterinsights_sitenote_category":0,"footnotes":""},"class_list":["post-808","page","type-page","status-publish","hentry"],"aioseo_notices":[],"_links":{"self":[{"href":"https:\/\/comite-quartier-lacigale.com\/index.php\/wp-json\/wp\/v2\/pages\/808","targetHints":{"allow":["GET"]}}],"collection":[{"href":"https:\/\/comite-quartier-lacigale.com\/index.php\/wp-json\/wp\/v2\/pages"}],"about":[{"href":"https:\/\/comite-quartier-lacigale.com\/index.php\/wp-json\/wp\/v2\/types\/page"}],"author":[{"embeddable":true,"href":"https:\/\/comite-quartier-lacigale.com\/index.php\/wp-json\/wp\/v2\/users\/1"}],"replies":[{"embeddable":true,"href":"https:\/\/comite-quartier-lacigale.com\/index.php\/wp-json\/wp\/v2\/comments?post=808"}],"version-history":[{"count":0,"href":"https:\/\/comite-quartier-lacigale.com\/index.php\/wp-json\/wp\/v2\/pages\/808\/revisions"}],"wp:attachment":[{"href":"https:\/\/comite-quartier-lacigale.com\/index.php\/wp-json\/wp\/v2\/media?parent=808"}],"curies":[{"name":"wp","href":"https:\/\/api.w.org\/{rel}","templated":true}]}}