{"id":318,"date":"2013-12-15T22:58:15","date_gmt":"2013-12-15T21:58:15","guid":{"rendered":"http:\/\/comite-quartier-lacigale.com\/?page_id=318"},"modified":"2026-02-18T19:56:02","modified_gmt":"2026-02-18T18:56:02","slug":"le-conseil-dadministration","status":"publish","type":"page","link":"https:\/\/comite-quartier-lacigale.com\/index.php\/le-conseil-dadministration\/","title":{"rendered":"Le Conseil d&rsquo;administration"},"content":{"rendered":"<div class=\"page\" title=\"Page 1\">\n<div class=\"section\">\n<div class=\"layoutArea\">\n<div class=\"column\">\n<p>Conseil d\u2019administration vot\u00e9 lors de l\u2019assembl\u00e9e g\u00e9n\u00e9rale du 11 janvier 2026<\/p>\n<\/div>\n<\/div>\n<p>Oheix Fran\u00e7oise<br \/>\n20 impasse du Pathion &#8211; 0680613952<\/p>\n<p>Rambourg Patrick<br \/>\n155 impasse des Ibis &#8211; 0609773207<\/p>\n<p>Gallet Yvelise<br \/>\n139 impasse des 3 cypr\u00e8s &#8211; 0670386390<\/p>\n<p>Sacqu\u00e9p\u00e9e Pierre<br \/>\n826 ch de la cigale &#8211; 0644954528<\/p>\n<p>Bedou Jean-Pierre<br \/>\n2010 ch de la cigale &#8211; 0615393402<\/p>\n<p>Marty Jean-Pierre<br \/>\n736 \u00a0ch des tours de seguin &#8211; 0695185054<\/p>\n<p>Decara Marie-Fran\u00e7oise<br \/>\nch de l\u2019auberge de jeunesse &#8211; 0644717567<\/p>\n<p>Denys Thomas<br \/>\nch de l\u2019auberge de jeunesse &#8211; 0683326201<\/p>\n<p>Bouzin Alain<br \/>\n535 impasse du petit mas &#8211; 0679223261<\/p>\n<p>Marty Annie<br \/>\n736 ch des tours de seguin &#8211; 0673450161<\/p>\n<p>Saut Claude<br \/>\n291 ch du cul de la marmite\u00a0 0618191501<\/p>\n<p>Viremouneix Bernard<br \/>\n795 \u00a0ch de la cigale &#8211; 0607384742<\/p>\n<p><em>Membres honoraires\u00a0<\/em>:<\/p>\n<p>Harmand Michel<br \/>\nall\u00e9e du petit mas &#8211; 0618490020<\/p>\n<p>Raoux Jacques<br \/>\nch de la cigale &#8211; 0769514386<\/p>\n<\/div>\n<\/div>\n","protected":false},"excerpt":{"rendered":"<div class=\"mh-excerpt\"><p>Conseil d\u2019administration vot\u00e9 lors de l\u2019assembl\u00e9e g\u00e9n\u00e9rale du 11 janvier 2026 Oheix Fran\u00e7oise 20 impasse du Pathion &#8211; 0680613952 Rambourg Patrick 155 impasse des Ibis <a class=\"mh-excerpt-more\" href=\"https:\/\/comite-quartier-lacigale.com\/index.php\/le-conseil-dadministration\/\" title=\"Le Conseil d&rsquo;administration\">[&#8230;]<\/a><\/p>\n<\/div>","protected":false},"author":1,"featured_media":0,"parent":0,"menu_order":30,"comment_status":"closed","ping_status":"closed","template":"","meta":{"_monsterinsights_skip_tracking":false,"_monsterinsights_sitenote_active":false,"_monsterinsights_sitenote_note":"","_monsterinsights_sitenote_category":0,"footnotes":""},"class_list":["post-318","page","type-page","status-publish","hentry"],"aioseo_notices":[],"_links":{"self":[{"href":"https:\/\/comite-quartier-lacigale.com\/index.php\/wp-json\/wp\/v2\/pages\/318","targetHints":{"allow":["GET"]}}],"collection":[{"href":"https:\/\/comite-quartier-lacigale.com\/index.php\/wp-json\/wp\/v2\/pages"}],"about":[{"href":"https:\/\/comite-quartier-lacigale.com\/index.php\/wp-json\/wp\/v2\/types\/page"}],"author":[{"embeddable":true,"href":"https:\/\/comite-quartier-lacigale.com\/index.php\/wp-json\/wp\/v2\/users\/1"}],"replies":[{"embeddable":true,"href":"https:\/\/comite-quartier-lacigale.com\/index.php\/wp-json\/wp\/v2\/comments?post=318"}],"version-history":[{"count":2,"href":"https:\/\/comite-quartier-lacigale.com\/index.php\/wp-json\/wp\/v2\/pages\/318\/revisions"}],"predecessor-version":[{"id":1732,"href":"https:\/\/comite-quartier-lacigale.com\/index.php\/wp-json\/wp\/v2\/pages\/318\/revisions\/1732"}],"wp:attachment":[{"href":"https:\/\/comite-quartier-lacigale.com\/index.php\/wp-json\/wp\/v2\/media?parent=318"}],"curies":[{"name":"wp","href":"https:\/\/api.w.org\/{rel}","templated":true}]}}