{"id":316,"date":"2013-12-15T22:54:04","date_gmt":"2013-12-15T21:54:04","guid":{"rendered":"http:\/\/comite-quartier-lacigale.com\/cigablog\/?page_id=316"},"modified":"2013-12-15T22:54:04","modified_gmt":"2013-12-15T21:54:04","slug":"accueil","status":"publish","type":"page","link":"https:\/\/comite-quartier-lacigale.com\/index.php\/accueil\/","title":{"rendered":"Accueil"},"content":{"rendered":"<h3><img loading=\"lazy\" decoding=\"async\" class=\"alignnone  wp-image-384\" alt=\"cigales\" src=\"https:\/\/comite-quartier-lacigale.com\/wp-content\/uploads\/2013\/12\/cigales.jpg\" width=\"600\" height=\"110\" srcset=\"https:\/\/comite-quartier-lacigale.com\/wp-content\/uploads\/2013\/12\/cigales.jpg 600w, https:\/\/comite-quartier-lacigale.com\/wp-content\/uploads\/2013\/12\/cigales-300x55.jpg 300w\" sizes=\"auto, (max-width: 600px) 100vw, 600px\" \/>Bienvenue sur le site du<br \/>\nCOMITE DE DEFENSE DES INTERETS DU QUARTIER DE LA CIGALE &#8211; NIMES<\/h3>\n<p>Le Comit\u00e9 de Quartier de la Cigale est une association r\u00e9gie par la loi de 1901, cr\u00e9\u00e9e en 1955.<\/p>\n<p>Ce Comit\u00e9 \u00e9tend son action sur toutes habitations desservies par un chemin ou une impasse ayant acc\u00e8s au chemin de la Cigale.<\/p>\n<p>Le Comit\u00e9 se donne pour but\u00a0de mettre tout en \u0153uvre pour obtenir de la Municipalit\u00e9 et de tous autres organismes int\u00e9ress\u00e9s\u00a0:<\/p>\n<ul>\n<li>des conditions de vie d\u00e9centes et compatibles avec les toutes premi\u00e8res n\u00e9cessit\u00e9s actuelles d\u2019hygi\u00e8ne et de s\u00e9curit\u00e9.<\/li>\n<li>l\u2019extension au quartier des r\u00e9alisations d\u2019urbanisme du Centre Ville.<\/li>\n<\/ul>\n<p>Afin de grouper sans distinction tous les habitants et int\u00e9ress\u00e9s du Quartier, le Comit\u00e9 se d\u00e9fend de ne jamais prendre aucune position religieuse ou politique quelle qu\u2019elle soit.<\/p>\n","protected":false},"excerpt":{"rendered":"<div class=\"mh-excerpt\"><p>Bienvenue sur le site du COMITE DE DEFENSE DES INTERETS DU QUARTIER DE LA CIGALE &#8211; NIMES Le Comit\u00e9 de Quartier de la Cigale est <a class=\"mh-excerpt-more\" href=\"https:\/\/comite-quartier-lacigale.com\/index.php\/accueil\/\" title=\"Accueil\">[&#8230;]<\/a><\/p>\n<\/div>","protected":false},"author":1,"featured_media":0,"parent":0,"menu_order":1,"comment_status":"closed","ping_status":"closed","template":"","meta":{"_monsterinsights_skip_tracking":false,"_monsterinsights_sitenote_active":false,"_monsterinsights_sitenote_note":"","_monsterinsights_sitenote_category":0,"footnotes":""},"class_list":["post-316","page","type-page","status-publish","hentry"],"aioseo_notices":[],"_links":{"self":[{"href":"https:\/\/comite-quartier-lacigale.com\/index.php\/wp-json\/wp\/v2\/pages\/316","targetHints":{"allow":["GET"]}}],"collection":[{"href":"https:\/\/comite-quartier-lacigale.com\/index.php\/wp-json\/wp\/v2\/pages"}],"about":[{"href":"https:\/\/comite-quartier-lacigale.com\/index.php\/wp-json\/wp\/v2\/types\/page"}],"author":[{"embeddable":true,"href":"https:\/\/comite-quartier-lacigale.com\/index.php\/wp-json\/wp\/v2\/users\/1"}],"replies":[{"embeddable":true,"href":"https:\/\/comite-quartier-lacigale.com\/index.php\/wp-json\/wp\/v2\/comments?post=316"}],"version-history":[{"count":0,"href":"https:\/\/comite-quartier-lacigale.com\/index.php\/wp-json\/wp\/v2\/pages\/316\/revisions"}],"wp:attachment":[{"href":"https:\/\/comite-quartier-lacigale.com\/index.php\/wp-json\/wp\/v2\/media?parent=316"}],"curies":[{"name":"wp","href":"https:\/\/api.w.org\/{rel}","templated":true}]}}